
{"id":681,"date":"2024-02-20T14:07:11","date_gmt":"2024-02-20T14:07:11","guid":{"rendered":"https:\/\/tonnellerie-bel-air.fr\/gamme\/"},"modified":"2024-05-28T08:49:33","modified_gmt":"2024-05-28T08:49:33","slug":"gamme","status":"publish","type":"page","link":"https:\/\/www.tonnellerie-bel-air.fr\/it\/gamme\/","title":{"rendered":"La gamma"},"content":{"rendered":"\n<!-- Hero -->\n<section id=\"hero-text-block_dcda86c2959ff3c31f05f028c7726da8\" class=\"hero-text relative -mt-header h-full\">\n    <img loading=\"lazy\" decoding=\"async\" width=\"1500\" height=\"1000\" src=\"https:\/\/www.tonnellerie-bel-air.fr\/app\/uploads\/2024\/02\/R_00055.jpg\" class=\" object-cover h-[30rem] w-full lg:h-[25rem] brightness-50\" alt=\"\" srcset=\"https:\/\/www.tonnellerie-bel-air.fr\/app\/uploads\/2024\/02\/R_00055.jpg 1500w, https:\/\/www.tonnellerie-bel-air.fr\/app\/uploads\/2024\/02\/R_00055-300x200.jpg 300w, https:\/\/www.tonnellerie-bel-air.fr\/app\/uploads\/2024\/02\/R_00055-1024x683.jpg 1024w, https:\/\/www.tonnellerie-bel-air.fr\/app\/uploads\/2024\/02\/R_00055-768x512.jpg 768w\" sizes=\"(max-width: 1500px) 100vw, 1500px\" \/>    <div class=\"container mx-auto flex items-center justify-center absolute top-1\/2 left-1\/2 -translate-x-1\/2 -translate-y-1\/2\">\n        <div class=\"text-center max-w-[50rem] my-10 text-white\">\n            <h1 class=\"pt-12 pb-2 leading-none text-white\">La gamma<\/h1>                    <\/div>\n    <\/div>\n<\/section>\n<!-- \/Hero -->\n\n\n\n\n<!-- Feature -->\n<section id=\"feature-media-texte-block_f8728218c61b1e3f5530d79bd73fe289\"\n         class=\"feature-media-texte pt-20 pb-20 md:pt-28 md:pb-24 overflow-hidden relative \"\n     >\n    <div class=\"relative grid items-center gap-8 md:gap-20 md:grid-cols-2 container mx-auto\">\n        <img decoding=\"async\" src=\"https:\/\/www.tonnellerie-bel-air.fr\/app\/uploads\/2024\/03\/bg-orange-2.svg\" alt=\"\" class=\"absolute -translate-y-[50%] pointer-events-none inset-right\">\n        <div class=\" row-start-1 md:col-start-1 md:row-span-full items-center\">\n                            <div class=\"surtitre\">Introduzione<\/div>\n                        <h2 class=\"text-orange max-w-[37rem]\">Un\u2019infinit\u00e0 di soluzioni per una barrique unica e su misura<\/h2>                                                <div class=\"inline-block\">\n                                                    <p>Abbiamo identificato 3 famiglie di texture, dai tannini pi\u00f9 potenti alle texture pi\u00f9 fini. Da queste matrici iniziali, selezioniamo i legni per modellare insieme le vostre barrique, uniche e su misura. <\/p>\n                                                                    <\/div>\n                                    <\/div>\n\n                    <div class=\"row-start-2 md:col-start-2 md:row-span-full relative\">\n                                    <img decoding=\"async\" src=\"https:\/\/www.tonnellerie-bel-air.fr\/app\/uploads\/2024\/02\/MRA2352.jpg\" alt=\"\" class=\"w-full object-cover h-[250px] md:h-[420px]\">\n                                                            <\/div>\n            <\/div>\n\n<\/section>\n<!-- \/Feature -->\n\n\n\n<!-- Feature -->\n<section id=\"features-gamme-listblock_9aa6715d7222e22369612fc3f4eecf28\" class=\"features-gamme-list\">\n    <div class=\"container mx-auto py-24\">\n\n        <div class=\"flex flex-col lg:grid lg:grid-cols-2 xl:grid-cols-3 gap-20 md:my-12\">\n            <ul class=\"col-span-full md:col-span-1 flex flex-col self-center gap-20\">\n                                <li class=\"flex flex-col gap-2.5\">\n                                                    <div class=\"flex justify-between\">\n                                <h3 class=\"py-2.5 text-orange\">Volupt\u00e9<\/h3>\n                                <img decoding=\"async\" src=\"https:\/\/www.tonnellerie-bel-air.fr\/app\/uploads\/2024\/02\/Group-13.svg\" class=\"row-start-1 col-start-1 md:col-start-2 md:row-start-1 col-span-full md:col-span-2 max-w-min object-cover\" alt=\"\" \/>                            <\/div>\n                                                                            <p>Questo stile conferisce struttura e arrotonda i tannini del vino. Ideale per una maturazione da 10 a 16 mesi,Volupt\u00e9 vi affasciner\u00e0 con la sua struttura rotonda. <\/p>\n                                            <\/li>\n                                    <li class=\"flex flex-col gap-2.5\">\n                                                    <div class=\"flex justify-between\">\n                                <h3 class=\"py-2.5 text-tertiary\">R\u00e9v\u00e9lation<\/h3>\n                                <img decoding=\"async\" src=\"https:\/\/www.tonnellerie-bel-air.fr\/app\/uploads\/2024\/02\/Group.svg\" class=\"row-start-1 col-start-1 md:col-start-2 md:row-start-1 col-span-full md:col-span-2 max-w-min object-cover\" alt=\"\" \/>                            <\/div>\n                                                                            <p>Questo stile regala ai vostri vini resistenza al palato. Ideale per una maturazione di oltre 12 mesi, R\u00e9v\u00e9lation vi delizier\u00e0 con la sua capacit\u00e0 di conservare e rivelare la purezza degli aromi varietali del vostro vino.<\/p>\n                                            <\/li>\n                                    <li class=\"flex flex-col gap-2.5\">\n                                                    <div class=\"flex justify-between\">\n                                <h3 class=\"py-2.5 text-red\">El\u00e9gance<\/h3>\n                                <img decoding=\"async\" src=\"https:\/\/www.tonnellerie-bel-air.fr\/app\/uploads\/2024\/02\/Group-14.svg\" class=\"row-start-1 col-start-1 md:col-start-2 md:row-start-1 col-span-full md:col-span-2 max-w-min object-cover\" alt=\"\" \/>                            <\/div>\n                                                                            <p>Il stile del legno \u00e8 identico a quello della barrique R\u00e9v\u00e9lation. La curvatura a vapore ci permette di affinare maggiormente i tannini per ottenere eleganza. Ideale per i vini bianchi e per i pi\u00f9 delicati vitigni a bacca rossa, El\u00e9gance accompagner\u00e0 i vostri vini con freschezza. <\/p>\n                                            <\/li>\n                            <\/ul>\n            <img loading=\"lazy\" decoding=\"async\" width=\"823\" height=\"686\" src=\"https:\/\/www.tonnellerie-bel-air.fr\/app\/uploads\/2024\/02\/Calque_1.png\" class=\"row-start-1 col-start-1 md:col-start-2 md:row-start-1 col-span-full md:col-span-2 w-full h-full block object-contain\" alt=\"\" srcset=\"https:\/\/www.tonnellerie-bel-air.fr\/app\/uploads\/2024\/02\/Calque_1.png 823w, https:\/\/www.tonnellerie-bel-air.fr\/app\/uploads\/2024\/02\/Calque_1-300x250.png 300w, https:\/\/www.tonnellerie-bel-air.fr\/app\/uploads\/2024\/02\/Calque_1-768x640.png 768w\" sizes=\"(max-width: 823px) 100vw, 823px\" \/>        <\/div>\n    <\/div>\n<\/section>\n<!-- \/Feature -->\n","protected":false},"excerpt":{"rendered":"","protected":false},"author":1,"featured_media":1530,"parent":0,"menu_order":0,"comment_status":"closed","ping_status":"closed","template":"","meta":{"_acf_changed":false,"footnotes":""},"acf":[],"yoast_head":"<!-- This site is optimized with the Yoast SEO plugin v22.2 - https:\/\/yoast.com\/wordpress\/plugins\/seo\/ -->\n<title>La gamma - Tonnellerie Bel Air<\/title>\n<meta name=\"robots\" content=\"index, follow, max-snippet:-1, max-image-preview:large, max-video-preview:-1\" \/>\n<link rel=\"canonical\" href=\"https:\/\/www.tonnellerie-bel-air.fr\/it\/gamme\/\" \/>\n<meta property=\"og:locale\" content=\"it_IT\" \/>\n<meta property=\"og:type\" content=\"article\" \/>\n<meta property=\"og:title\" content=\"La gamma - Tonnellerie Bel Air\" \/>\n<meta property=\"og:url\" content=\"https:\/\/www.tonnellerie-bel-air.fr\/it\/gamme\/\" \/>\n<meta property=\"og:site_name\" content=\"Tonnellerie Bel Air\" \/>\n<meta property=\"article:modified_time\" content=\"2024-05-28T08:49:33+00:00\" \/>\n<meta property=\"og:image\" content=\"https:\/\/www.tonnellerie-bel-air.fr\/app\/uploads\/2024\/04\/R_00055.jpg\" \/>\n\t<meta property=\"og:image:width\" content=\"399\" \/>\n\t<meta property=\"og:image:height\" content=\"559\" \/>\n\t<meta property=\"og:image:type\" content=\"image\/jpeg\" \/>\n<meta name=\"twitter:card\" content=\"summary_large_image\" \/>\n<meta name=\"twitter:label1\" content=\"Tempo di lettura stimato\" \/>\n\t<meta name=\"twitter:data1\" content=\"1 minute\" \/>\n<script type=\"application\/ld+json\" class=\"yoast-schema-graph\">{\"@context\":\"https:\/\/schema.org\",\"@graph\":[{\"@type\":\"WebPage\",\"@id\":\"https:\/\/www.tonnellerie-bel-air.fr\/it\/gamme\/\",\"url\":\"https:\/\/www.tonnellerie-bel-air.fr\/it\/gamme\/\",\"name\":\"La gamma - Tonnellerie Bel Air\",\"isPartOf\":{\"@id\":\"https:\/\/www.tonnellerie-bel-air.fr\/it\/#website\"},\"primaryImageOfPage\":{\"@id\":\"https:\/\/www.tonnellerie-bel-air.fr\/it\/gamme\/#primaryimage\"},\"image\":{\"@id\":\"https:\/\/www.tonnellerie-bel-air.fr\/it\/gamme\/#primaryimage\"},\"thumbnailUrl\":\"https:\/\/www.tonnellerie-bel-air.fr\/app\/uploads\/2024\/04\/R_00055.jpg\",\"datePublished\":\"2024-02-20T14:07:11+00:00\",\"dateModified\":\"2024-05-28T08:49:33+00:00\",\"inLanguage\":\"it-IT\",\"potentialAction\":[{\"@type\":\"ReadAction\",\"target\":[\"https:\/\/www.tonnellerie-bel-air.fr\/it\/gamme\/\"]}]},{\"@type\":\"ImageObject\",\"inLanguage\":\"it-IT\",\"@id\":\"https:\/\/www.tonnellerie-bel-air.fr\/it\/gamme\/#primaryimage\",\"url\":\"https:\/\/www.tonnellerie-bel-air.fr\/app\/uploads\/2024\/04\/R_00055.jpg\",\"contentUrl\":\"https:\/\/www.tonnellerie-bel-air.fr\/app\/uploads\/2024\/04\/R_00055.jpg\",\"width\":399,\"height\":559},{\"@type\":\"WebSite\",\"@id\":\"https:\/\/www.tonnellerie-bel-air.fr\/it\/#website\",\"url\":\"https:\/\/www.tonnellerie-bel-air.fr\/it\/\",\"name\":\"Tonnellerie Bel Air\",\"description\":\"\",\"publisher\":{\"@id\":\"https:\/\/www.tonnellerie-bel-air.fr\/it\/#organization\"},\"potentialAction\":[{\"@type\":\"SearchAction\",\"target\":{\"@type\":\"EntryPoint\",\"urlTemplate\":\"https:\/\/www.tonnellerie-bel-air.fr\/it\/?s={search_term_string}\"},\"query-input\":\"required name=search_term_string\"}],\"inLanguage\":\"it-IT\"},{\"@type\":\"Organization\",\"@id\":\"https:\/\/www.tonnellerie-bel-air.fr\/it\/#organization\",\"name\":\"Tonnellerie Bel Air\",\"url\":\"https:\/\/www.tonnellerie-bel-air.fr\/it\/\",\"logo\":{\"@type\":\"ImageObject\",\"inLanguage\":\"it-IT\",\"@id\":\"https:\/\/www.tonnellerie-bel-air.fr\/it\/#\/schema\/logo\/image\/\",\"url\":\"https:\/\/www.tonnellerie-bel-air.fr\/app\/uploads\/2024\/02\/logo.svg\",\"contentUrl\":\"https:\/\/www.tonnellerie-bel-air.fr\/app\/uploads\/2024\/02\/logo.svg\",\"caption\":\"Tonnellerie Bel Air\"},\"image\":{\"@id\":\"https:\/\/www.tonnellerie-bel-air.fr\/it\/#\/schema\/logo\/image\/\"}}]}<\/script>\n<!-- \/ Yoast SEO plugin. -->","yoast_head_json":{"title":"La gamma - Tonnellerie Bel Air","robots":{"index":"index","follow":"follow","max-snippet":"max-snippet:-1","max-image-preview":"max-image-preview:large","max-video-preview":"max-video-preview:-1"},"canonical":"https:\/\/www.tonnellerie-bel-air.fr\/it\/gamme\/","og_locale":"it_IT","og_type":"article","og_title":"La gamma - Tonnellerie Bel Air","og_url":"https:\/\/www.tonnellerie-bel-air.fr\/it\/gamme\/","og_site_name":"Tonnellerie Bel Air","article_modified_time":"2024-05-28T08:49:33+00:00","og_image":[{"width":399,"height":559,"url":"https:\/\/www.tonnellerie-bel-air.fr\/app\/uploads\/2024\/04\/R_00055.jpg","type":"image\/jpeg"}],"twitter_card":"summary_large_image","twitter_misc":{"Tempo di lettura stimato":"1 minute"},"schema":{"@context":"https:\/\/schema.org","@graph":[{"@type":"WebPage","@id":"https:\/\/www.tonnellerie-bel-air.fr\/it\/gamme\/","url":"https:\/\/www.tonnellerie-bel-air.fr\/it\/gamme\/","name":"La gamma - Tonnellerie Bel Air","isPartOf":{"@id":"https:\/\/www.tonnellerie-bel-air.fr\/it\/#website"},"primaryImageOfPage":{"@id":"https:\/\/www.tonnellerie-bel-air.fr\/it\/gamme\/#primaryimage"},"image":{"@id":"https:\/\/www.tonnellerie-bel-air.fr\/it\/gamme\/#primaryimage"},"thumbnailUrl":"https:\/\/www.tonnellerie-bel-air.fr\/app\/uploads\/2024\/04\/R_00055.jpg","datePublished":"2024-02-20T14:07:11+00:00","dateModified":"2024-05-28T08:49:33+00:00","inLanguage":"it-IT","potentialAction":[{"@type":"ReadAction","target":["https:\/\/www.tonnellerie-bel-air.fr\/it\/gamme\/"]}]},{"@type":"ImageObject","inLanguage":"it-IT","@id":"https:\/\/www.tonnellerie-bel-air.fr\/it\/gamme\/#primaryimage","url":"https:\/\/www.tonnellerie-bel-air.fr\/app\/uploads\/2024\/04\/R_00055.jpg","contentUrl":"https:\/\/www.tonnellerie-bel-air.fr\/app\/uploads\/2024\/04\/R_00055.jpg","width":399,"height":559},{"@type":"WebSite","@id":"https:\/\/www.tonnellerie-bel-air.fr\/it\/#website","url":"https:\/\/www.tonnellerie-bel-air.fr\/it\/","name":"Tonnellerie Bel Air","description":"","publisher":{"@id":"https:\/\/www.tonnellerie-bel-air.fr\/it\/#organization"},"potentialAction":[{"@type":"SearchAction","target":{"@type":"EntryPoint","urlTemplate":"https:\/\/www.tonnellerie-bel-air.fr\/it\/?s={search_term_string}"},"query-input":"required name=search_term_string"}],"inLanguage":"it-IT"},{"@type":"Organization","@id":"https:\/\/www.tonnellerie-bel-air.fr\/it\/#organization","name":"Tonnellerie Bel Air","url":"https:\/\/www.tonnellerie-bel-air.fr\/it\/","logo":{"@type":"ImageObject","inLanguage":"it-IT","@id":"https:\/\/www.tonnellerie-bel-air.fr\/it\/#\/schema\/logo\/image\/","url":"https:\/\/www.tonnellerie-bel-air.fr\/app\/uploads\/2024\/02\/logo.svg","contentUrl":"https:\/\/www.tonnellerie-bel-air.fr\/app\/uploads\/2024\/02\/logo.svg","caption":"Tonnellerie Bel Air"},"image":{"@id":"https:\/\/www.tonnellerie-bel-air.fr\/it\/#\/schema\/logo\/image\/"}}]}},"_links":{"self":[{"href":"https:\/\/www.tonnellerie-bel-air.fr\/it\/wp-json\/wp\/v2\/pages\/681"}],"collection":[{"href":"https:\/\/www.tonnellerie-bel-air.fr\/it\/wp-json\/wp\/v2\/pages"}],"about":[{"href":"https:\/\/www.tonnellerie-bel-air.fr\/it\/wp-json\/wp\/v2\/types\/page"}],"author":[{"embeddable":true,"href":"https:\/\/www.tonnellerie-bel-air.fr\/it\/wp-json\/wp\/v2\/users\/1"}],"replies":[{"embeddable":true,"href":"https:\/\/www.tonnellerie-bel-air.fr\/it\/wp-json\/wp\/v2\/comments?post=681"}],"version-history":[{"count":6,"href":"https:\/\/www.tonnellerie-bel-air.fr\/it\/wp-json\/wp\/v2\/pages\/681\/revisions"}],"predecessor-version":[{"id":1596,"href":"https:\/\/www.tonnellerie-bel-air.fr\/it\/wp-json\/wp\/v2\/pages\/681\/revisions\/1596"}],"wp:featuredmedia":[{"embeddable":true,"href":"https:\/\/www.tonnellerie-bel-air.fr\/it\/wp-json\/wp\/v2\/media\/1530"}],"wp:attachment":[{"href":"https:\/\/www.tonnellerie-bel-air.fr\/it\/wp-json\/wp\/v2\/media?parent=681"}],"curies":[{"name":"wp","href":"https:\/\/api.w.org\/{rel}","templated":true}]}}